{"id":19,"date":"2025-05-20T16:44:25","date_gmt":"2025-05-20T16:44:25","guid":{"rendered":"https:\/\/www.cooplarraga.com\/?page_id=19"},"modified":"2025-05-22T15:18:36","modified_gmt":"2025-05-22T15:18:36","slug":"productos","status":"publish","type":"page","link":"https:\/\/www.cooplarraga.com\/index.php\/productos\/","title":{"rendered":"Productos"},"content":{"rendered":"\n<div class=\"wp-block-group alignfull has-global-padding is-layout-constrained wp-container-core-group-is-layout-669513ed wp-block-group-is-layout-constrained\" style=\"margin-top:0;margin-bottom:0;padding-top:var(--wp--preset--spacing--50);padding-right:var(--wp--preset--spacing--50);padding-bottom:var(--wp--preset--spacing--50);padding-left:var(--wp--preset--spacing--50)\">\n<div class=\"wp-block-group alignwide has-base-2-background-color has-background has-global-padding is-layout-constrained wp-container-core-group-is-layout-a151063b wp-block-group-is-layout-constrained\" style=\"border-radius:16px;padding-top:var(--wp--preset--spacing--50);padding-right:var(--wp--preset--spacing--40);padding-bottom:var(--wp--preset--spacing--50);padding-left:var(--wp--preset--spacing--40)\">\n<div class=\"wp-block-group alignwide is-vertical is-content-justification-stretch is-layout-flex wp-container-core-group-is-layout-353c4f5a wp-block-group-is-layout-flex\">\n<h2 class=\"wp-block-heading has-text-align-center\">Nuestros productos<\/h2>\n\n\n\n<p class=\"has-text-align-center\" style=\"margin-top:var(--wp--preset--spacing--10);font-size:clamp(0.875rem, 0.875rem + ((1vw - 0.2rem) * 0.417), 1.125rem);\">Ofrecemos opciones flexibles, que puedes adaptar a las distintas necesidades de cada agricultor.<\/p>\n<\/div>\n\n\n\n<div style=\"height:var(--wp--preset--spacing--30)\" aria-hidden=\"true\" class=\"wp-block-spacer\"><\/div>\n\n\n\n<div class=\"wp-block-columns alignwide is-layout-flex wp-container-core-columns-is-layout-06670bbc wp-block-columns-is-layout-flex\">\n<div class=\"wp-block-column is-layout-flow wp-block-column-is-layout-flow\" style=\"border-top-color:var(--wp--preset--color--contrast-3);border-top-width:1px;padding-top:var(--wp--preset--spacing--30);padding-right:var(--wp--preset--spacing--30);padding-bottom:var(--wp--preset--spacing--10);padding-left:var(--wp--preset--spacing--30)\">\n<div class=\"wp-block-group is-vertical is-content-justification-stretch is-layout-flex wp-container-core-group-is-layout-353c4f5a wp-block-group-is-layout-flex\">\n<p class=\"has-text-align-center\"><strong><code>Producci\u00f3n agr\u00edcola.<\/code><\/strong><\/p>\n\n\n\n<hr class=\"wp-block-separator has-text-color has-contrast-3-color has-alpha-channel-opacity has-contrast-3-background-color has-background is-style-wide\"\/>\n\n\n\n<p class=\"has-text-align-center has-contrast-2-color has-text-color has-link-color wp-elements-b8348e0719ab21e148ff10582b01323c\"><\/p>\n\n\n\n<figure class=\"wp-block-image size-large\"><img loading=\"lazy\" decoding=\"async\" width=\"1024\" height=\"768\" sizes=\"auto, (max-width: 124px) 100vw, 124px\" src=\"http:\/\/www.cooplarraga.com\/wp-content\/uploads\/2025\/05\/IMG_20250520_161704-1024x768.jpg\" alt=\"\" class=\"wp-image-78\" srcset=\"https:\/\/www.cooplarraga.com\/wp-content\/uploads\/2025\/05\/IMG_20250520_161704-1024x768.jpg 1024w, https:\/\/www.cooplarraga.com\/wp-content\/uploads\/2025\/05\/IMG_20250520_161704-300x225.jpg 300w, https:\/\/www.cooplarraga.com\/wp-content\/uploads\/2025\/05\/IMG_20250520_161704-768x576.jpg 768w, https:\/\/www.cooplarraga.com\/wp-content\/uploads\/2025\/05\/IMG_20250520_161704-1536x1152.jpg 1536w, https:\/\/www.cooplarraga.com\/wp-content\/uploads\/2025\/05\/IMG_20250520_161704-2048x1536.jpg 2048w\" \/><\/figure>\n\n\n\n<hr class=\"wp-block-separator has-text-color has-contrast-3-color has-alpha-channel-opacity has-contrast-3-background-color has-background is-style-wide\"\/>\n\n\n\n<p class=\"has-text-align-center has-contrast-2-color has-text-color has-link-color wp-elements-b8348e0719ab21e148ff10582b01323c\"><\/p>\n<\/div>\n\n\n\n<div style=\"height:var(--wp--preset--spacing--10)\" aria-hidden=\"true\" class=\"wp-block-spacer\"><\/div>\n\n\n\n<div class=\"wp-block-buttons is-content-justification-center is-layout-flex wp-container-core-buttons-is-layout-a89b3969 wp-block-buttons-is-layout-flex\">\n<div class=\"wp-block-button has-custom-width wp-block-button__width-100 is-style-fill\"><a class=\"wp-block-button__link wp-element-button\" href=\"http:\/\/www.cooplarraga.com\/wp-content\/uploads\/2025\/05\/Maquinaria.pdf\">Maquinaria<\/a><\/div>\n<\/div>\n<\/div>\n\n\n\n<div class=\"wp-block-column is-layout-flow wp-block-column-is-layout-flow\" style=\"border-top-color:var(--wp--preset--color--contrast-3);border-top-width:1px;padding-top:var(--wp--preset--spacing--30);padding-right:var(--wp--preset--spacing--30);padding-bottom:var(--wp--preset--spacing--10);padding-left:var(--wp--preset--spacing--30)\">\n<div class=\"wp-block-group is-vertical is-content-justification-stretch is-layout-flex wp-container-core-group-is-layout-353c4f5a wp-block-group-is-layout-flex\">\n<p class=\"has-text-align-center\"><code><strong>Suministro de insumos<\/strong>.<\/code><\/p>\n\n\n\n<hr class=\"wp-block-separator has-text-color has-contrast-3-color has-alpha-channel-opacity has-contrast-3-background-color has-background is-style-wide\"\/>\n\n\n\n<p class=\"has-text-align-center has-contrast-2-color has-text-color has-link-color wp-elements-b8348e0719ab21e148ff10582b01323c\"><\/p>\n\n\n\n<figure class=\"wp-block-image size-large\"><img loading=\"lazy\" decoding=\"async\" width=\"1024\" height=\"771\" sizes=\"auto, (max-width: 124px) 100vw, 124px\" src=\"http:\/\/www.cooplarraga.com\/wp-content\/uploads\/2025\/05\/IMG_20250520_145158-1024x771.jpg\" alt=\"\" class=\"wp-image-79\" srcset=\"https:\/\/www.cooplarraga.com\/wp-content\/uploads\/2025\/05\/IMG_20250520_145158-1024x771.jpg 1024w, https:\/\/www.cooplarraga.com\/wp-content\/uploads\/2025\/05\/IMG_20250520_145158-300x226.jpg 300w, https:\/\/www.cooplarraga.com\/wp-content\/uploads\/2025\/05\/IMG_20250520_145158-768x578.jpg 768w, https:\/\/www.cooplarraga.com\/wp-content\/uploads\/2025\/05\/IMG_20250520_145158-1536x1157.jpg 1536w, https:\/\/www.cooplarraga.com\/wp-content\/uploads\/2025\/05\/IMG_20250520_145158-2048x1542.jpg 2048w\" \/><\/figure>\n\n\n\n<hr class=\"wp-block-separator has-text-color has-contrast-3-color has-alpha-channel-opacity has-contrast-3-background-color has-background is-style-wide\"\/>\n\n\n\n<p class=\"has-text-align-center has-contrast-2-color has-text-color has-link-color wp-elements-b8348e0719ab21e148ff10582b01323c\"><\/p>\n<\/div>\n\n\n\n<div style=\"height:var(--wp--preset--spacing--10)\" aria-hidden=\"true\" class=\"wp-block-spacer\"><\/div>\n\n\n\n<div class=\"wp-block-buttons is-content-justification-center is-layout-flex wp-container-core-buttons-is-layout-a89b3969 wp-block-buttons-is-layout-flex\">\n<div class=\"wp-block-button has-custom-width wp-block-button__width-100 is-style-fill\"><a class=\"wp-block-button__link wp-element-button\" href=\"http:\/\/www.cooplarraga.com\/wp-content\/uploads\/2025\/05\/Productos-1.pdf\">Productos<\/a><\/div>\n<\/div>\n<\/div>\n\n\n\n<div class=\"wp-block-column is-layout-flow wp-block-column-is-layout-flow\" style=\"border-top-color:var(--wp--preset--color--contrast-3);border-top-width:1px;padding-top:var(--wp--preset--spacing--30);padding-right:var(--wp--preset--spacing--30);padding-bottom:var(--wp--preset--spacing--10);padding-left:var(--wp--preset--spacing--30)\">\n<div class=\"wp-block-group is-vertical is-content-justification-stretch is-layout-flex wp-container-core-group-is-layout-353c4f5a wp-block-group-is-layout-flex\">\n<p class=\"has-text-align-center\"><strong><code>Suministros agrarios<\/code><\/strong><\/p>\n\n\n\n<hr class=\"wp-block-separator has-text-color has-contrast-3-color has-alpha-channel-opacity has-contrast-3-background-color has-background is-style-wide\"\/>\n\n\n\n<p class=\"has-text-align-center has-contrast-2-color has-text-color has-link-color wp-elements-b8348e0719ab21e148ff10582b01323c\"><\/p>\n\n\n\n<figure class=\"wp-block-image size-large\"><img loading=\"lazy\" decoding=\"async\" width=\"1024\" height=\"771\" sizes=\"auto, (max-width: 124px) 100vw, 124px\" src=\"http:\/\/www.cooplarraga.com\/wp-content\/uploads\/2025\/05\/IMG_20250520_145305-1024x771.jpg\" alt=\"\" class=\"wp-image-80\" srcset=\"https:\/\/www.cooplarraga.com\/wp-content\/uploads\/2025\/05\/IMG_20250520_145305-1024x771.jpg 1024w, https:\/\/www.cooplarraga.com\/wp-content\/uploads\/2025\/05\/IMG_20250520_145305-300x226.jpg 300w, https:\/\/www.cooplarraga.com\/wp-content\/uploads\/2025\/05\/IMG_20250520_145305-768x578.jpg 768w, https:\/\/www.cooplarraga.com\/wp-content\/uploads\/2025\/05\/IMG_20250520_145305-1536x1157.jpg 1536w, https:\/\/www.cooplarraga.com\/wp-content\/uploads\/2025\/05\/IMG_20250520_145305-2048x1542.jpg 2048w\" \/><\/figure>\n\n\n\n<hr class=\"wp-block-separator has-text-color has-contrast-3-color has-alpha-channel-opacity has-contrast-3-background-color has-background is-style-wide\"\/>\n\n\n\n<p class=\"has-text-align-center has-contrast-2-color has-text-color has-link-color wp-elements-b8348e0719ab21e148ff10582b01323c\"><\/p>\n<\/div>\n\n\n\n<div style=\"height:var(--wp--preset--spacing--10)\" aria-hidden=\"true\" class=\"wp-block-spacer\"><\/div>\n\n\n\n<div class=\"wp-block-buttons is-content-justification-center is-layout-flex wp-container-core-buttons-is-layout-a89b3969 wp-block-buttons-is-layout-flex\">\n<div class=\"wp-block-button has-custom-width wp-block-button__width-100 is-style-fill\"><a class=\"wp-block-button__link wp-element-button\" href=\"http:\/\/www.cooplarraga.com\/wp-content\/uploads\/2025\/05\/Productos-agricolas.pdf\">Productos<\/a><\/div>\n<\/div>\n<\/div>\n\n\n\n<div class=\"wp-block-column is-layout-flow wp-block-column-is-layout-flow\" style=\"border-top-color:var(--wp--preset--color--contrast);border-top-width:2px;padding-top:var(--wp--preset--spacing--30);padding-right:var(--wp--preset--spacing--30);padding-bottom:var(--wp--preset--spacing--10);padding-left:var(--wp--preset--spacing--30)\">\n<div class=\"wp-block-group is-vertical is-content-justification-stretch is-layout-flex wp-container-core-group-is-layout-353c4f5a wp-block-group-is-layout-flex\">\n<p class=\"has-text-align-center\"><strong><code>Almazaras y aceite.<\/code><\/strong><\/p>\n\n\n\n<hr class=\"wp-block-separator has-text-color has-contrast-3-color has-alpha-channel-opacity has-contrast-3-background-color has-background is-style-wide\"\/>\n\n\n\n<p class=\"has-text-align-center\"><\/p>\n\n\n\n<figure class=\"wp-block-image size-large\"><img loading=\"lazy\" decoding=\"async\" width=\"1024\" height=\"771\" sizes=\"auto, (max-width: 124px) 100vw, 124px\" src=\"http:\/\/www.cooplarraga.com\/wp-content\/uploads\/2025\/05\/IMG_20250520_163511-1024x771.jpg\" alt=\"\" class=\"wp-image-81\" srcset=\"https:\/\/www.cooplarraga.com\/wp-content\/uploads\/2025\/05\/IMG_20250520_163511-1024x771.jpg 1024w, https:\/\/www.cooplarraga.com\/wp-content\/uploads\/2025\/05\/IMG_20250520_163511-300x226.jpg 300w, https:\/\/www.cooplarraga.com\/wp-content\/uploads\/2025\/05\/IMG_20250520_163511-768x578.jpg 768w, https:\/\/www.cooplarraga.com\/wp-content\/uploads\/2025\/05\/IMG_20250520_163511-1536x1157.jpg 1536w, https:\/\/www.cooplarraga.com\/wp-content\/uploads\/2025\/05\/IMG_20250520_163511-2048x1542.jpg 2048w\" \/><\/figure>\n\n\n\n<hr class=\"wp-block-separator has-text-color has-contrast-3-color has-alpha-channel-opacity has-contrast-3-background-color has-background is-style-wide\"\/>\n<\/div>\n\n\n\n<p class=\"has-text-align-center\"><\/p>\n\n\n\n<div style=\"height:var(--wp--preset--spacing--10)\" aria-hidden=\"true\" class=\"wp-block-spacer\"><\/div>\n\n\n\n<div class=\"wp-block-buttons is-content-justification-center is-layout-flex wp-container-core-buttons-is-layout-a89b3969 wp-block-buttons-is-layout-flex\">\n<div class=\"wp-block-button has-custom-width wp-block-button__width-100 is-style-fill\"><a class=\"wp-block-button__link wp-element-button\" href=\"http:\/\/www.cooplarraga.com\/wp-content\/uploads\/2025\/05\/Almazara-aceite.pdf\">Variedades<\/a><\/div>\n<\/div>\n<\/div>\n\n\n\n<div class=\"wp-block-column is-layout-flow wp-block-column-is-layout-flow\" style=\"border-top-color:var(--wp--preset--color--contrast-3);border-top-width:1px;padding-top:var(--wp--preset--spacing--30);padding-right:var(--wp--preset--spacing--30);padding-bottom:var(--wp--preset--spacing--10);padding-left:var(--wp--preset--spacing--30)\">\n<div class=\"wp-block-group is-vertical is-content-justification-stretch is-layout-flex wp-container-core-group-is-layout-353c4f5a wp-block-group-is-layout-flex\">\n<p class=\"has-text-align-center\"><strong><code>Asesoramiento t\u00e9cnico<\/code><\/strong>.<\/p>\n\n\n\n<hr class=\"wp-block-separator has-text-color has-contrast-3-color has-alpha-channel-opacity has-contrast-3-background-color has-background is-style-wide\"\/>\n\n\n\n<p class=\"has-text-align-center\"><\/p>\n\n\n\n<figure class=\"wp-block-image size-large\"><img loading=\"lazy\" decoding=\"async\" width=\"1024\" height=\"771\" sizes=\"auto, (max-width: 124px) 100vw, 124px\" src=\"http:\/\/www.cooplarraga.com\/wp-content\/uploads\/2025\/05\/IMG_20250520_145520-1024x771.jpg\" alt=\"\" class=\"wp-image-82\" srcset=\"https:\/\/www.cooplarraga.com\/wp-content\/uploads\/2025\/05\/IMG_20250520_145520-1024x771.jpg 1024w, https:\/\/www.cooplarraga.com\/wp-content\/uploads\/2025\/05\/IMG_20250520_145520-300x226.jpg 300w, https:\/\/www.cooplarraga.com\/wp-content\/uploads\/2025\/05\/IMG_20250520_145520-768x578.jpg 768w, https:\/\/www.cooplarraga.com\/wp-content\/uploads\/2025\/05\/IMG_20250520_145520-1536x1157.jpg 1536w, https:\/\/www.cooplarraga.com\/wp-content\/uploads\/2025\/05\/IMG_20250520_145520-2048x1542.jpg 2048w\" \/><\/figure>\n\n\n\n<hr class=\"wp-block-separator has-text-color has-contrast-3-color has-alpha-channel-opacity has-contrast-3-background-color has-background is-style-wide\"\/>\n\n\n\n<p class=\"has-text-align-center\"><\/p>\n<\/div>\n\n\n\n<div style=\"height:var(--wp--preset--spacing--10)\" aria-hidden=\"true\" class=\"wp-block-spacer\"><\/div>\n\n\n\n<div class=\"wp-block-buttons is-content-justification-center is-layout-flex wp-container-core-buttons-is-layout-a89b3969 wp-block-buttons-is-layout-flex\">\n<div class=\"wp-block-button has-custom-width wp-block-button__width-100 is-style-fill\"><a class=\"wp-block-button__link wp-element-button\" href=\"https:\/\/www.intiasa.es\/web\/es\">INTIA<\/a><\/div>\n<\/div>\n<\/div>\n<\/div>\n<\/div>\n<\/div>\n","protected":false},"excerpt":{"rendered":"<p>Nuestros productos Ofrecemos opciones flexibles, que puedes adaptar a las distintas necesidades de cada agricultor. Producci\u00f3n agr\u00edcola. Suministro de insumos. Suministros agrarios Almazaras y aceite. Asesoramiento t\u00e9cnico.<\/p>\n","protected":false},"author":1,"featured_media":0,"parent":0,"menu_order":0,"comment_status":"closed","ping_status":"closed","template":"","meta":{"_acf_changed":false,"_bbp_topic_count":0,"_bbp_reply_count":0,"_bbp_total_topic_count":0,"_bbp_total_reply_count":0,"_bbp_voice_count":0,"_bbp_anonymous_reply_count":0,"_bbp_topic_count_hidden":0,"_bbp_reply_count_hidden":0,"_bbp_forum_subforum_count":0,"footnotes":""},"class_list":["post-19","page","type-page","status-publish","hentry"],"acf":[],"jetpack_sharing_enabled":true,"jetpack-related-posts":[],"_links":{"self":[{"href":"https:\/\/www.cooplarraga.com\/index.php\/wp-json\/wp\/v2\/pages\/19","targetHints":{"allow":["GET"]}}],"collection":[{"href":"https:\/\/www.cooplarraga.com\/index.php\/wp-json\/wp\/v2\/pages"}],"about":[{"href":"https:\/\/www.cooplarraga.com\/index.php\/wp-json\/wp\/v2\/types\/page"}],"author":[{"embeddable":true,"href":"https:\/\/www.cooplarraga.com\/index.php\/wp-json\/wp\/v2\/users\/1"}],"replies":[{"embeddable":true,"href":"https:\/\/www.cooplarraga.com\/index.php\/wp-json\/wp\/v2\/comments?post=19"}],"version-history":[{"count":13,"href":"https:\/\/www.cooplarraga.com\/index.php\/wp-json\/wp\/v2\/pages\/19\/revisions"}],"predecessor-version":[{"id":348,"href":"https:\/\/www.cooplarraga.com\/index.php\/wp-json\/wp\/v2\/pages\/19\/revisions\/348"}],"wp:attachment":[{"href":"https:\/\/www.cooplarraga.com\/index.php\/wp-json\/wp\/v2\/media?parent=19"}],"curies":[{"name":"wp","href":"https:\/\/api.w.org\/{rel}","templated":true}]}}